{"id":1232,"date":"2013-04-15T13:04:57","date_gmt":"2013-04-15T11:04:57","guid":{"rendered":"https:\/\/www.italjani.com\/?page_id=1232"},"modified":"2014-10-26T20:15:24","modified_gmt":"2014-10-26T19:15:24","slug":"eurolira","status":"publish","type":"page","link":"https:\/\/www.italjani.com\/?page_id=1232","title":{"rendered":"EuroLira"},"content":{"rendered":"<p style=\"text-align: justify;\"><a href=\"https:\/\/www.italjani.com\/wp-content\/uploads\/2013\/04\/eurolira3.png\"><img loading=\"lazy\" decoding=\"async\" class=\"alignleft\" style=\"border: medium none ! important; box-shadow: none ! important;\" alt=\"eurolira3\" src=\"https:\/\/www.italjani.com\/wp-content\/uploads\/2013\/04\/eurolira3.png\" width=\"204\" height=\"204\" \/><\/a><\/p>\n<p style=\"text-align: justify;\">L&#8217; immediata e risolutiva uscita dell&#8217; Italia dalla drammatica situazione di crisi pu\u00f2 diventare realt\u00e0 attraverso l&#8217; introduzione di una moneta nazionale parallela all&#8217; euro, con la quale finanziare un Piano Nazionale per gli Investimenti produttivi ad alta capacit\u00e0 di riassorbimento dell&#8217; occupazione. L&#8217; <strong>EuroLira<\/strong> con parit\u00e0 rispetto all&#8217; euro, con garanzie reali e con circolazione puramente elettronica \u00e8 lo strumento che pu\u00f2 dare sotto l&#8217; egida nazionale &#8211; senza bisogno di alcuna autorizzazione europea &#8211; immediato respiro al sistema economico nazionale ed impedire il tracollo. Onde evitare il solito sperpero di denaro pubblico, si rende necessario istituire un comitato indipendente di esperti per l&#8217; attribuzione di un ranking e l&#8217; approvazione dei migliori progetti presentati dagli imprenditori, a cominciare &#8211; per esempio &#8211; dall\u2019 alimentazione energetica da fonti rinnovabili per ogni singola casa italiana.<\/p>\n<p style=\"text-align: justify;\">Negli ultimi due anni tramite questo blog, l&#8217; analisi degli eventi macroeconomici a livello mondiale e l&#8217; osservazione della ripetuta incapacit\u00e0 della politica nazionale ed europea nel trovar risposta alla crisi, ci hanno convinti della necessit\u00e0 di dover restituire all&#8217; Italia sovranit\u00e0 monetaria &#8211; pur rimanendo all&#8217; interno della moneta unica &#8211; come unica soluzione percorribile rispetto ad alternative improponibili (default, uscita dall&#8217; euro) oppure illusorie (le riforme). L&#8217; Italia \u00e8 infatti un paese assai complicato, impossibile da cambiare in tempi brevi (troppi gli interessi in gioco) e l&#8217; opzione &#8220;bizantina&#8221; della fuoriuscita dal sistema europeo ci riporterebbe indietro di decadi e ci isolerebbe nelle paludi nostrane del solito paese dei <a title=\"I furbi e i fessi del secolo breve\" href=\"\/?p=977\">furbi e dei fessi<\/a>. Le banche centrali di USA, UK e Giappone stanno immettendo trilioni di nuovi dollari nei loro circuiti economici per aggredire recessione e disoccupazione; se l&#8217; Europa non lo fa oppure \u00e8 troppo lenta, \u00e8 compito dei governi nazionali intervenire con intelligenza tramite monete parallele.<\/p>\n<p style=\"text-align: justify;\">Riportiamo di seguito, contando sulla pazienza dei lettori, i principali articoli pubblicati su ITALJANI.com utili per approfondire la logica sottostante al Manifesto per l&#8217; EuroLira.<\/p>\n<p style=\"text-align: justify;\"><span style=\"text-decoration: underline;\">APPROFONDIMENTI PER COMPRENDERE IL MANIFESTO PER L&#8217; EUROLIRA<\/span>:<\/p>\n<p style=\"text-align: justify;\">1) Perch\u00e8 serve l&#8217; <a title=\"Bit-EuroLira\" href=\"\/?p=1191\">EuroLira<\/a><\/p>\n<p style=\"text-align: justify;\">2) Per comprendere le cause della crisi e le possibili <a title=\"Come salvare l\u2019 Europa in 24 ore\" href=\"\/?p=769\">soluzioni<\/a><\/p>\n<p style=\"text-align: justify;\">3) Le alternative per il <a title=\"Il Pacioli-moment\" href=\"\/?p=877\">riequilibrio<\/a> globale tra debiti e crediti<\/p>\n<p style=\"text-align: justify;\">4) L&#8217; importanza della spesa per investimenti e la necessit\u00e0 di riportare <a title=\"Una Zona Franca per l\u2019 Italia\" href=\"\/?p=935\">certezza giuridica<\/a> in Italia<\/p>\n<p style=\"text-align: justify;\">5) <a title=\"LatinExit\" href=\"\/?p=1071\">LatinExit<\/a>, ovvero l&#8217; opzione dell&#8217; uscita dall&#8217; euro<\/p>\n<p>&nbsp;<\/p>\n<p><span style=\"text-decoration: underline;\">BOZZA DESCRITTIVA DEI PRINCIPALI MECCANISMI DI FUNZIONAMENTO DELL&#8217; EUROLIRA<\/span>:<\/p>\n<p style=\"text-align: justify;\">&#8211; lo Stato italiano emette titoli di debito speciale denominati in EuroLire, scadenza 5 e 10 anni, remunerazione variabile al tasso ufficiale BCE oppure fisso (molto basso). Questi EuroLire-bond vengono sottoscritti da Bankitalia, che emette a tal fine la nuova moneta con circolazione in sola forma elettronica, e sono coperti dalle riserve auree. Bankitalia garantisce cos\u00ec la convertibilit\u00e0 1:1 con l&#8217; euro.<\/p>\n<p style=\"text-align: justify;\">&#8211;\u00a0 Un ente del governo italiano creato ad hoc (<strong>Ente Nazionale per il Rilancio Industriale<\/strong>), composto da membri indipendenti, nazionali e stranieri, di specchiata onest\u00e0 e comprovata competenza, scelti tramite sorteggio da un pool di candidati selezionati da una rinomata societ\u00e0 internazionale di head hunting, si occupa &#8211; assistito da una grande societ\u00e0 di consulenza non italiana &#8211; di definire i criteri di ammissione e di valutazione dei progetti imprenditoriali da finanziare con le EuroLire. \u00c8 ovvio che la definizione delle regole di governance (es. la visibilit\u00e0 via web per tutti i cittadini dei progetti, i CV degli imprenditori, l&#8217; audit annuale, ecc.) \u00e8 l&#8217; aspetto pi\u00f9 critico per garantire la qualit\u00e0 nell&#8217; allocazione dei fondi dell&#8217; Ente.<\/p>\n<p style=\"text-align: justify;\">&#8211; I prestiti agli imprenditori avvengono con un margine per l&#8217; Ente dell&#8217; 1% e possono essere vincolati al co-investimento di capitale di rischio da parte di questi.<\/p>\n<p style=\"text-align: justify;\">&#8211; \u00c8 utile ipotizzare che si potrebbe legare il finanziamento dei progetti imprenditoriali per il Rilancio Industriale all&#8217; attuazione delle famose riforme, mai fatte in Italia: creazione di zone franche a burocrazia zero (cos\u00ec si eliminano le distorsioni della politica locale), libera scelta della giurisdizione per le liti processuali (per esempio il tribunale di Londra o di Francoforte), cuneo fiscale ridotto, rispetto di moderni e rivisti vincoli ambientali. Gli imprenditori capaci, soprattutto giovani, farebbero a gara per rientrare in Italia e diventare una specie di eroi nazionali, mostrando al mondo il volto migliore del nostro paese.<\/p>\n<p style=\"text-align: justify;\">&#8211; Tramite il moltiplicatore, molto alto quando si esce dalla recessione, l&#8217; effetto sull&#8217; economia sarebbe enorme e la circolazione elettronica costringerebbe tutti all&#8217; onest\u00e0 fiscale e sui contratti di lavoro, oltre a favorire lo sviluppo dei mezzi di pagamento <em>mobile<\/em> rispetto ad altri paesi.<\/p>\n<p style=\"text-align: justify;\">&#8211; Contabilmente, l&#8217; EuroLira sarebbe equivalente all&#8217; euro e quindi non comporterebbe alcun onere amministrativo aggiuntivo per imprese e cittadini, per i quali sarebbe indifferente pagare in euro o EuroLire.<\/p>\n<p style=\"text-align: justify;\">&#8211; L&#8217; EuroLira \u00e8 una moneta con sola circolazione interna e non depositabile presso le banche. Questo comporta l&#8217; incentivo a spenderla, aumentando cos\u00ec la velocit\u00e0 di circolazione e quindi il reddito nazionale, e l&#8217; impossibilit\u00e0 di creare effetto di leva tramite il meccanismo della riserva frazionaria del sistema bancario. Si pu\u00f2 anche ipotizzare una remunerazione minima dello 0,5% per i dententori di EuroLire (essendo moneta solo elettronica, \u00e8 semplicissimo farlo).<\/p>\n<p style=\"text-align: justify;\">&#8211; Le imposte raccolte dallo Stato sulle transazioni in EuroLire (IVA, imposte sul reddito, oneri sociali, ecc.) possono essere destinate ad un fondo speciale per la riduzione dell&#8217; imposizione fiscale in generale e per ammortizzare le perdite derivanti dai progetti imprenditoriali che non sopravviveranno per ripagare il prestito in EuroLire.<\/p>\n<p style=\"text-align: justify;\">&#8211; A scadenza (5\/10 anni), le EuroLire ripagate a Bankitalia possono venir distrutte con un click di computer (moneta temporanea, che ha assolto alla sua funzione di far ripartire l&#8217; economia) oppure reimmesse nel circuito per iniziare un nuovo ciclo.<\/p>\n<p style=\"text-align: justify;\">\n","protected":false},"excerpt":{"rendered":"<p>L&#8217; immediata e risolutiva uscita dell&#8217; Italia dalla drammatica situazione di crisi pu\u00f2 diventare realt\u00e0 attraverso l&#8217; introduzione di una &hellip;<\/p>\n<p><a href=\"https:\/\/www.italjani.com\/?page_id=1232\">Continue reading &raquo;<\/a><\/p>\n","protected":false},"author":3,"featured_media":0,"parent":0,"menu_order":0,"comment_status":"open","ping_status":"closed","template":"","meta":{"footnotes":""},"class_list":["post-1232","page","type-page","status-publish","hentry"],"_links":{"self":[{"href":"https:\/\/www.italjani.com\/index.php?rest_route=\/wp\/v2\/pages\/1232","targetHints":{"allow":["GET"]}}],"collection":[{"href":"https:\/\/www.italjani.com\/index.php?rest_route=\/wp\/v2\/pages"}],"about":[{"href":"https:\/\/www.italjani.com\/index.php?rest_route=\/wp\/v2\/types\/page"}],"author":[{"embeddable":true,"href":"https:\/\/www.italjani.com\/index.php?rest_route=\/wp\/v2\/users\/3"}],"replies":[{"embeddable":true,"href":"https:\/\/www.italjani.com\/index.php?rest_route=%2Fwp%2Fv2%2Fcomments&post=1232"}],"version-history":[{"count":10,"href":"https:\/\/www.italjani.com\/index.php?rest_route=\/wp\/v2\/pages\/1232\/revisions"}],"predecessor-version":[{"id":1683,"href":"https:\/\/www.italjani.com\/index.php?rest_route=\/wp\/v2\/pages\/1232\/revisions\/1683"}],"wp:attachment":[{"href":"https:\/\/www.italjani.com\/index.php?rest_route=%2Fwp%2Fv2%2Fmedia&parent=1232"}],"curies":[{"name":"wp","href":"https:\/\/api.w.org\/{rel}","templated":true}]}}